{"id":43,"date":"2021-05-20T22:13:59","date_gmt":"2021-05-20T20:13:59","guid":{"rendered":"http:\/\/www.upronco.it\/?page_id=43"},"modified":"2023-02-13T11:25:54","modified_gmt":"2023-02-13T10:25:54","slug":"orari-ss-messe","status":"publish","type":"page","link":"https:\/\/www.upronco.it\/index.php\/orari-ss-messe\/","title":{"rendered":"Orari SS. Messe"},"content":{"rendered":"\n<div class=\"wp-block-columns is-layout-flex wp-container-core-columns-is-layout-9d6595d7 wp-block-columns-is-layout-flex\">\n<div class=\"wp-block-column is-layout-flow wp-block-column-is-layout-flow\">\n<p><strong>Messe feriali<\/strong><\/p>\n\n\n\n<p>Ronco ore 8:00 (luned\u00ec)<\/p>\n\n\n\n<p>Selva ore 20:00 (marted\u00ec)<\/p>\n\n\n\n<p>S. Rita ore 20:00 (mercoled\u00ec, gioved\u00ec e venerd\u00ec)<\/p>\n<\/div>\n\n\n\n<div class=\"wp-block-column is-layout-flow wp-block-column-is-layout-flow\">\n<p><strong>Messa prefestiva<\/strong><\/p>\n\n\n\n<p>S. Rita ore 16:15<\/p>\n<\/div>\n\n\n\n<div class=\"wp-block-column is-layout-flow wp-block-column-is-layout-flow\">\n<p><strong>Messe festive<\/strong><\/p>\n\n\n\n<p>Ronco ore 8:00<\/p>\n\n\n\n<p>Selva ore 9:30<\/p>\n\n\n\n<p>S. Rita ore 11:00<\/p>\n\n\n\n<p>S. Rita ore 18:00<\/p>\n<\/div>\n<\/div>\n","protected":false},"excerpt":{"rendered":"<p>Messe feriali Ronco ore 8:00 (luned\u00ec) Selva ore 20:00 (marted\u00ec) S. Rita ore 20:00 (mercoled\u00ec, gioved\u00ec e venerd\u00ec) Messa prefestiva S. Rita ore 16:15 Messe festive Ronco ore 8:00 Selva ore 9:30 S. Rita ore 11:00 S. Rita ore 18:00<\/p>\n","protected":false},"author":1,"featured_media":0,"parent":0,"menu_order":0,"comment_status":"closed","ping_status":"closed","template":"templates\/template-full-width.php","meta":{"footnotes":""},"class_list":["post-43","page","type-page","status-publish","hentry"],"_links":{"self":[{"href":"https:\/\/www.upronco.it\/index.php\/wp-json\/wp\/v2\/pages\/43","targetHints":{"allow":["GET"]}}],"collection":[{"href":"https:\/\/www.upronco.it\/index.php\/wp-json\/wp\/v2\/pages"}],"about":[{"href":"https:\/\/www.upronco.it\/index.php\/wp-json\/wp\/v2\/types\/page"}],"author":[{"embeddable":true,"href":"https:\/\/www.upronco.it\/index.php\/wp-json\/wp\/v2\/users\/1"}],"replies":[{"embeddable":true,"href":"https:\/\/www.upronco.it\/index.php\/wp-json\/wp\/v2\/comments?post=43"}],"version-history":[{"count":5,"href":"https:\/\/www.upronco.it\/index.php\/wp-json\/wp\/v2\/pages\/43\/revisions"}],"predecessor-version":[{"id":130,"href":"https:\/\/www.upronco.it\/index.php\/wp-json\/wp\/v2\/pages\/43\/revisions\/130"}],"wp:attachment":[{"href":"https:\/\/www.upronco.it\/index.php\/wp-json\/wp\/v2\/media?parent=43"}],"curies":[{"name":"wp","href":"https:\/\/api.w.org\/{rel}","templated":true}]}}